{"id":3,"date":"2024-08-28T12:05:53","date_gmt":"2024-08-28T12:05:53","guid":{"rendered":"https:\/\/revolutionsoft.shop\/?page_id=3"},"modified":"2025-12-11T16:44:39","modified_gmt":"2025-12-11T16:44:39","slug":"politica-privacidad","status":"publish","type":"page","link":"https:\/\/benjamin-stahl.com\/es\/politica-privacidad\/","title":{"rendered":"Pol\u00edtica de Privacidad"},"content":{"rendered":"\t\t<div data-elementor-type=\"wp-page\" data-elementor-id=\"3\" class=\"elementor elementor-3\" data-elementor-post-type=\"page\">\n\t\t\t\t\t\t<section class=\"elementor-section elementor-top-section elementor-element elementor-element-d5c1419 elementor-section-boxed elementor-section-height-default elementor-section-height-default\" data-id=\"d5c1419\" data-element_type=\"section\" data-e-type=\"section\" data-settings=\"{&quot;background_background&quot;:&quot;classic&quot;}\">\n\t\t\t\t\t\t\t<div class=\"elementor-background-overlay\"><\/div>\n\t\t\t\t\t\t\t<div class=\"elementor-container elementor-column-gap-no\">\n\t\t\t\t\t<div class=\"elementor-column elementor-col-100 elementor-top-column elementor-element elementor-element-40ebc3b\" data-id=\"40ebc3b\" data-element_type=\"column\" data-e-type=\"column\">\n\t\t\t<div class=\"elementor-widget-wrap elementor-element-populated\">\n\t\t\t\t\t\t\t<\/div>\n\t\t<\/div>\n\t\t\t\t\t<\/div>\n\t\t<\/section>\n\t\t<div class=\"elementor-element elementor-element-bcf6c99 e-flex e-con-boxed e-con e-parent\" data-id=\"bcf6c99\" data-element_type=\"container\" data-e-type=\"container\">\n\t\t\t\t\t<div class=\"e-con-inner\">\n\t\t\t\t<div class=\"elementor-element elementor-element-8b5b0e6 elementor-widget elementor-widget-text-editor\" data-id=\"8b5b0e6\" data-element_type=\"widget\" data-e-type=\"widget\" data-widget_type=\"text-editor.default\">\n\t\t\t\t<div class=\"elementor-widget-container\">\n\t\t\t\t\t\t\t\t\t<p>Benjamin Stahl se compromete a garantizar que su privacidad est\u00e9 protegida. Esta pol\u00edtica de privacidad explica c\u00f3mo usamos la informaci\u00f3n personal que recopilamos a trav\u00e9s de nuestro sitio web y otros canales digitales, en cumplimiento con el Reglamento General de Protecci\u00f3n de Datos (RGPD) (UE 2016\/679) y la Ley Org\u00e1nica 3\/2018, de Protecci\u00f3n de Datos Personales y garant\u00eda de los derechos digitales (LOPDGDD).<\/p><h4>Responsable del Tratamiento de Datos<\/h4><ul><li><strong>Responsable<\/strong>: Benjamin Stahl<\/li><li><strong>NIF<\/strong>: ESX4557111Y<\/li><li><strong>Domicilio social<\/strong>: Calle de Bravo Murillo, 73, 4-5, 28003, Madrid<\/li><li><strong>Correo electr\u00f3nico<\/strong>: info@benjamin-stahl.com<\/li><\/ul><h4>Qu\u00e9 informaci\u00f3n recopilamos<\/h4><p>Podemos recopilar la siguiente informaci\u00f3n personal:<\/p><ul><li>Nombre y apellidos<\/li><li>Informaci\u00f3n de contacto, incluyendo direcci\u00f3n de correo electr\u00f3nico y n\u00famero de tel\u00e9fono<\/li><li>Informaci\u00f3n demogr\u00e1fica, como c\u00f3digo postal, preferencias e intereses<\/li><li>Informaci\u00f3n t\u00e9cnica como direcci\u00f3n IP, tipo de navegador, y datos de navegaci\u00f3n (cookies)<\/li><\/ul><h4>Finalidad del Tratamiento de Datos<\/h4><p>Recopilamos esta informaci\u00f3n para ofrecer mejores servicios y, en particular, por las siguientes razones:<\/p><ul><li><strong>Gesti\u00f3n de consultas<\/strong>: Para responder a preguntas, solicitudes o proporcionar informaci\u00f3n.<\/li><li><strong>Mejora de nuestros productos y servicios<\/strong>: Utilizamos los datos para an\u00e1lisis internos.<\/li><li><strong>Comunicaciones comerciales<\/strong>: Con su consentimiento expreso, podemos enviarle informaci\u00f3n promocional sobre productos, servicios o eventos que creemos que pueden interesarle.<\/li><li><strong>Cumplimiento de obligaciones legales<\/strong>: Cuando sea necesario, procesaremos sus datos para cumplir con nuestras obligaciones legales.<\/li><\/ul><h4>Legitimaci\u00f3n para el Tratamiento de los Datos<\/h4><p>La base legal para el tratamiento de sus datos es el <strong>consentimiento expl\u00edcito<\/strong> proporcionado por usted al aceptar esta pol\u00edtica de privacidad y facilitarnos su informaci\u00f3n personal.<\/p><h4>Derechos de los Usuarios<\/h4><p>Como titular de los datos personales, usted tiene derecho a:<\/p><ul><li><strong>Acceder<\/strong> a sus datos personales.<\/li><li><strong>Rectificar<\/strong> cualquier dato incorrecto o incompleto.<\/li><li><strong>Solicitar la supresi\u00f3n<\/strong> de sus datos cuando ya no sean necesarios para los fines para los que fueron recogidos.<\/li><li><strong>Limitar el tratamiento<\/strong> de sus datos bajo ciertas circunstancias.<\/li><li><strong>Oponerse<\/strong> al tratamiento de sus datos con fines comerciales.<\/li><li><strong>Portar<\/strong> sus datos a otro responsable cuando sea t\u00e9cnicamente posible.<\/li><\/ul><p>Puede ejercer estos derechos enviando un correo electr\u00f3nico a info@benjamin-stahl.com\u00a0o por correo postal a nuestra direcci\u00f3n indicada anteriormente. En todos los casos, deber\u00e1 incluir una copia de su documento de identidad para poder verificar su identidad.<\/p><h4>Seguridad de los Datos<\/h4><p>Benjamin Stahl se compromete a garantizar que su informaci\u00f3n est\u00e9 segura. Para evitar el acceso no autorizado o la divulgaci\u00f3n de sus datos personales, hemos implantado medidas de seguridad f\u00edsicas, electr\u00f3nicas y administrativas adecuadas.<\/p><h4>Uso de Cookies<\/h4><p>Nuestro sitio web utiliza cookies para recopilar informaci\u00f3n t\u00e9cnica y mejorar su experiencia de usuario. Para m\u00e1s detalles sobre c\u00f3mo usamos las cookies, por favor consulte nuestra <strong>Pol\u00edtica de Cookies<\/strong>.<\/p><h4>Retenci\u00f3n de Datos<\/h4><p>Sus datos personales se conservar\u00e1n mientras exista una relaci\u00f3n comercial o mientras no se solicite su supresi\u00f3n por el interesado, siempre en cumplimiento de los plazos establecidos por la normativa vigente.<\/p><h4>Cambios en la Pol\u00edtica de Privacidad<\/h4><p>Benjamin Stahl se reserva el derecho de modificar esta pol\u00edtica de privacidad en cualquier momento. Cualquier cambio ser\u00e1 comunicado a trav\u00e9s de este sitio web.<\/p><h4>Contacto<\/h4><p>Si tiene alguna duda sobre esta pol\u00edtica de privacidad o sobre c\u00f3mo tratamos sus datos personales, puede ponerse en contacto con nosotros a trav\u00e9s de info@benjamin-stahl.com<\/p>\t\t\t\t\t\t\t\t<\/div>\n\t\t\t\t<\/div>\n\t\t\t\t\t<\/div>\n\t\t\t\t<\/div>\n\t\t\t\t<\/div>\n\t\t","protected":false},"excerpt":{"rendered":"<p>Benjamin Stahl se compromete a garantizar que su privacidad est\u00e9 protegida. Esta pol\u00edtica de privacidad explica c\u00f3mo usamos la informaci\u00f3n personal que recopilamos a trav\u00e9s de nuestro sitio web y otros canales digitales, en cumplimiento con el Reglamento General de Protecci\u00f3n de Datos (RGPD) (UE 2016\/679) y la Ley Org\u00e1nica 3\/2018, de Protecci\u00f3n de Datos&hellip;&nbsp;<\/p>\n","protected":false},"author":1,"featured_media":0,"parent":0,"menu_order":0,"comment_status":"closed","ping_status":"open","template":"page-templates\/template-pagebuilder-full-width.php","meta":{"neve_meta_sidebar":"","neve_meta_container":"","neve_meta_enable_content_width":"off","neve_meta_content_width":100,"neve_meta_title_alignment":"","neve_meta_author_avatar":"","neve_post_elements_order":"","neve_meta_disable_header":"","neve_meta_disable_footer":"","neve_meta_disable_title":"","_joinchat":[],"footnotes":""},"class_list":["post-3","page","type-page","status-publish","hentry"],"yoast_head":"<!-- This site is optimized with the Yoast SEO plugin v27.3 - https:\/\/yoast.com\/product\/yoast-seo-wordpress\/ -->\n<title>Pol\u00edtica de Privacidad - Traductor e Int\u00e9rprete Alem\u00e1n | Benjamin Stahl<\/title>\n<meta name=\"robots\" content=\"index, follow, max-snippet:-1, max-image-preview:large, max-video-preview:-1\" \/>\n<link rel=\"canonical\" href=\"https:\/\/benjamin-stahl.com\/es\/politica-privacidad\/\" \/>\n<meta property=\"og:locale\" content=\"es_ES\" \/>\n<meta property=\"og:type\" content=\"article\" \/>\n<meta property=\"og:title\" content=\"Pol\u00edtica de Privacidad - Traductor e Int\u00e9rprete Alem\u00e1n | Benjamin Stahl\" \/>\n<meta property=\"og:description\" content=\"Benjamin Stahl se compromete a garantizar que su privacidad est\u00e9 protegida. Esta pol\u00edtica de privacidad explica c\u00f3mo usamos la informaci\u00f3n personal que recopilamos a trav\u00e9s de nuestro sitio web y otros canales digitales, en cumplimiento con el Reglamento General de Protecci\u00f3n de Datos (RGPD) (UE 2016\/679) y la Ley Org\u00e1nica 3\/2018, de Protecci\u00f3n de Datos&hellip;&nbsp;\" \/>\n<meta property=\"og:url\" content=\"https:\/\/benjamin-stahl.com\/es\/politica-privacidad\/\" \/>\n<meta property=\"og:site_name\" content=\"Traductor e Int\u00e9rprete Alem\u00e1n | Benjamin Stahl\" \/>\n<meta property=\"article:modified_time\" content=\"2025-12-11T16:44:39+00:00\" \/>\n<meta name=\"twitter:card\" content=\"summary_large_image\" \/>\n<meta name=\"twitter:label1\" content=\"Tiempo de lectura\" \/>\n\t<meta name=\"twitter:data1\" content=\"3 minutos\" \/>\n<script type=\"application\/ld+json\" class=\"yoast-schema-graph\">{\"@context\":\"https:\\\/\\\/schema.org\",\"@graph\":[{\"@type\":\"WebPage\",\"@id\":\"https:\\\/\\\/benjamin-stahl.com\\\/politica-privacidad\\\/\",\"url\":\"https:\\\/\\\/benjamin-stahl.com\\\/politica-privacidad\\\/\",\"name\":\"Pol\u00edtica de Privacidad - Traductor e Int\u00e9rprete Alem\u00e1n | Benjamin Stahl\",\"isPartOf\":{\"@id\":\"https:\\\/\\\/benjamin-stahl.com\\\/#website\"},\"datePublished\":\"2024-08-28T12:05:53+00:00\",\"dateModified\":\"2025-12-11T16:44:39+00:00\",\"breadcrumb\":{\"@id\":\"https:\\\/\\\/benjamin-stahl.com\\\/politica-privacidad\\\/#breadcrumb\"},\"inLanguage\":\"es\",\"potentialAction\":[{\"@type\":\"ReadAction\",\"target\":[\"https:\\\/\\\/benjamin-stahl.com\\\/politica-privacidad\\\/\"]}]},{\"@type\":\"BreadcrumbList\",\"@id\":\"https:\\\/\\\/benjamin-stahl.com\\\/politica-privacidad\\\/#breadcrumb\",\"itemListElement\":[{\"@type\":\"ListItem\",\"position\":1,\"name\":\"Portada\",\"item\":\"https:\\\/\\\/benjamin-stahl.com\\\/\"},{\"@type\":\"ListItem\",\"position\":2,\"name\":\"Pol\u00edtica de Privacidad\"}]},{\"@type\":\"WebSite\",\"@id\":\"https:\\\/\\\/benjamin-stahl.com\\\/#website\",\"url\":\"https:\\\/\\\/benjamin-stahl.com\\\/\",\"name\":\"Traductor e Int\u00e9rprete Alem\u00e1n | Benjamin Stahl\",\"description\":\"Traducci\u00f3n e interpretaci\u00f3n profesional entre alem\u00e1n y castellano. Especialista en traducci\u00f3n jurada, marketing, medicina, derecho y servicios audiovisuales.\",\"potentialAction\":[{\"@type\":\"SearchAction\",\"target\":{\"@type\":\"EntryPoint\",\"urlTemplate\":\"https:\\\/\\\/benjamin-stahl.com\\\/?s={search_term_string}\"},\"query-input\":{\"@type\":\"PropertyValueSpecification\",\"valueRequired\":true,\"valueName\":\"search_term_string\"}}],\"inLanguage\":\"es\"}]}<\/script>\n<!-- \/ Yoast SEO plugin. -->","yoast_head_json":{"title":"Pol\u00edtica de Privacidad - Traductor e Int\u00e9rprete Alem\u00e1n | Benjamin Stahl","robots":{"index":"index","follow":"follow","max-snippet":"max-snippet:-1","max-image-preview":"max-image-preview:large","max-video-preview":"max-video-preview:-1"},"canonical":"https:\/\/benjamin-stahl.com\/es\/politica-privacidad\/","og_locale":"es_ES","og_type":"article","og_title":"Pol\u00edtica de Privacidad - Traductor e Int\u00e9rprete Alem\u00e1n | Benjamin Stahl","og_description":"Benjamin Stahl se compromete a garantizar que su privacidad est\u00e9 protegida. Esta pol\u00edtica de privacidad explica c\u00f3mo usamos la informaci\u00f3n personal que recopilamos a trav\u00e9s de nuestro sitio web y otros canales digitales, en cumplimiento con el Reglamento General de Protecci\u00f3n de Datos (RGPD) (UE 2016\/679) y la Ley Org\u00e1nica 3\/2018, de Protecci\u00f3n de Datos&hellip;&nbsp;","og_url":"https:\/\/benjamin-stahl.com\/es\/politica-privacidad\/","og_site_name":"Traductor e Int\u00e9rprete Alem\u00e1n | Benjamin Stahl","article_modified_time":"2025-12-11T16:44:39+00:00","twitter_card":"summary_large_image","twitter_misc":{"Tiempo de lectura":"3 minutos"},"schema":{"@context":"https:\/\/schema.org","@graph":[{"@type":"WebPage","@id":"https:\/\/benjamin-stahl.com\/politica-privacidad\/","url":"https:\/\/benjamin-stahl.com\/politica-privacidad\/","name":"Pol\u00edtica de Privacidad - Traductor e Int\u00e9rprete Alem\u00e1n | Benjamin Stahl","isPartOf":{"@id":"https:\/\/benjamin-stahl.com\/#website"},"datePublished":"2024-08-28T12:05:53+00:00","dateModified":"2025-12-11T16:44:39+00:00","breadcrumb":{"@id":"https:\/\/benjamin-stahl.com\/politica-privacidad\/#breadcrumb"},"inLanguage":"es","potentialAction":[{"@type":"ReadAction","target":["https:\/\/benjamin-stahl.com\/politica-privacidad\/"]}]},{"@type":"BreadcrumbList","@id":"https:\/\/benjamin-stahl.com\/politica-privacidad\/#breadcrumb","itemListElement":[{"@type":"ListItem","position":1,"name":"Portada","item":"https:\/\/benjamin-stahl.com\/"},{"@type":"ListItem","position":2,"name":"Pol\u00edtica de Privacidad"}]},{"@type":"WebSite","@id":"https:\/\/benjamin-stahl.com\/#website","url":"https:\/\/benjamin-stahl.com\/","name":"Traductor e Int\u00e9rprete Alem\u00e1n | Benjamin Stahl","description":"Traducci\u00f3n e interpretaci\u00f3n profesional entre alem\u00e1n y castellano. Especialista en traducci\u00f3n jurada, marketing, medicina, derecho y servicios audiovisuales.","potentialAction":[{"@type":"SearchAction","target":{"@type":"EntryPoint","urlTemplate":"https:\/\/benjamin-stahl.com\/?s={search_term_string}"},"query-input":{"@type":"PropertyValueSpecification","valueRequired":true,"valueName":"search_term_string"}}],"inLanguage":"es"}]}},"_links":{"self":[{"href":"https:\/\/benjamin-stahl.com\/es\/wp-json\/wp\/v2\/pages\/3","targetHints":{"allow":["GET"]}}],"collection":[{"href":"https:\/\/benjamin-stahl.com\/es\/wp-json\/wp\/v2\/pages"}],"about":[{"href":"https:\/\/benjamin-stahl.com\/es\/wp-json\/wp\/v2\/types\/page"}],"author":[{"embeddable":true,"href":"https:\/\/benjamin-stahl.com\/es\/wp-json\/wp\/v2\/users\/1"}],"replies":[{"embeddable":true,"href":"https:\/\/benjamin-stahl.com\/es\/wp-json\/wp\/v2\/comments?post=3"}],"version-history":[{"count":9,"href":"https:\/\/benjamin-stahl.com\/es\/wp-json\/wp\/v2\/pages\/3\/revisions"}],"predecessor-version":[{"id":271,"href":"https:\/\/benjamin-stahl.com\/es\/wp-json\/wp\/v2\/pages\/3\/revisions\/271"}],"wp:attachment":[{"href":"https:\/\/benjamin-stahl.com\/es\/wp-json\/wp\/v2\/media?parent=3"}],"curies":[{"name":"wp","href":"https:\/\/api.w.org\/{rel}","templated":true}]}}