{"id":3,"date":"2024-08-28T12:05:53","date_gmt":"2024-08-28T12:05:53","guid":{"rendered":"https:\/\/revolutionsoft.shop\/?page_id=3"},"modified":"2025-12-11T16:44:39","modified_gmt":"2025-12-11T16:44:39","slug":"politica-privacidad","status":"publish","type":"page","link":"https:\/\/benjamin-stahl.com\/en\/politica-privacidad\/","title":{"rendered":"Privacy Policy"},"content":{"rendered":"<div data-elementor-type=\"wp-page\" data-elementor-id=\"3\" class=\"elementor elementor-3\" data-elementor-post-type=\"page\">\n\t\t\t\t\t\t<section class=\"elementor-section elementor-top-section elementor-element elementor-element-d5c1419 elementor-section-boxed elementor-section-height-default elementor-section-height-default\" data-id=\"d5c1419\" data-element_type=\"section\" data-e-type=\"section\" data-settings=\"{&quot;background_background&quot;:&quot;classic&quot;}\">\n\t\t\t\t\t\t\t<div class=\"elementor-background-overlay\"><\/div>\n\t\t\t\t\t\t\t<div class=\"elementor-container elementor-column-gap-no\">\n\t\t\t\t\t<div class=\"elementor-column elementor-col-100 elementor-top-column elementor-element elementor-element-40ebc3b\" data-id=\"40ebc3b\" data-element_type=\"column\" data-e-type=\"column\">\n\t\t\t<div class=\"elementor-widget-wrap elementor-element-populated\">\n\t\t\t\t\t\t\t<\/div>\n\t\t<\/div>\n\t\t\t\t\t<\/div>\n\t\t<\/section>\n\t\t<div class=\"elementor-element elementor-element-bcf6c99 e-flex e-con-boxed e-con e-parent\" data-id=\"bcf6c99\" data-element_type=\"container\" data-e-type=\"container\">\n\t\t\t\t\t<div class=\"e-con-inner\">\n\t\t\t\t<div class=\"elementor-element elementor-element-8b5b0e6 elementor-widget elementor-widget-text-editor\" data-id=\"8b5b0e6\" data-element_type=\"widget\" data-e-type=\"widget\" data-widget_type=\"text-editor.default\">\n\t\t\t\t<div class=\"elementor-widget-container\">\n\t\t\t\t\t\t\t\t\t<p>Benjamin Stahl is committed to ensuring that your privacy is protected. This privacy policy explains how we use the personal information we collect through our website and other digital channels, in compliance with the General Data Protection Regulation (GDPR) (EU 2016\/679) and Spanish Organic Law 3\/2018, on the Protection of Personal Data and Guarantee of Digital Rights (LOPDGDD).<\/p><h4>Data Controller<\/h4><ul><li><strong>Responsible<\/strong>Benjamin Stahl<\/li><li><strong>NIF<\/strong>: ESX4557111Y<\/li><li><strong>Registered office<\/strong>: Bravo Murillo Street, 73, 4-5, 28003, Madrid<\/li><li><strong>Email<\/strong>: info@benjamin-stahl.com<\/li><\/ul><h4>What information do we collect?<\/h4><p>We may collect the following personal information:<\/p><ul><li>Name and surname<\/li><li>Contact information, including email address and phone number<\/li><li>Demographic information, such as postal code, preferences and interests<\/li><li>Technical information such as IP address, browser type, and browsing data (cookies)<\/li><\/ul><h4>Purpose of Data Processing<\/h4><p>We collect this information to provide better services and, in particular, for the following reasons:<\/p><ul><li><strong>Query Management<\/strong>To answer questions, requests, or provide information.<\/li><li><strong>Improvement of our products and services<\/strong>We use the data for internal analysis.<\/li><li><strong>Commercial communications<\/strong>With your express consent, we can send you promotional information about products, services or events that we believe may interest you.<\/li><li><strong>Compliance with legal obligations<\/strong>When necessary, we will process your data to comply with our legal obligations.<\/li><\/ul><h4>Legal basis for processing data<\/h4><p>The legal basis for processing your data is the <strong>explicit consent<\/strong> provided by you when you accept this privacy policy and provide us with your personal information.<\/p><h4>Users' Rights<\/h4><p>As the data subject, you have the right to:<\/p><ul><li><strong>Access<\/strong> to your personal data.<\/li><li><strong>Rectify<\/strong> any incorrect or incomplete data.<\/li><li><strong>Request deletion<\/strong> of your data when it is no longer needed for the purposes for which it was collected.<\/li><li><strong>Limit treatment<\/strong> of their data under certain circumstances.<\/li><li><strong>Object<\/strong> to the processing of your data for commercial purposes.<\/li><li><strong>Bring<\/strong> your data to another controller when technically possible.<\/li><\/ul><p>You can exercise these rights by sending an email to info@benjamin-stahl.com or by mail to our address indicated above. In all cases, you must include a copy of your identity document so we can verify your identity.<\/p><h4>Data Security<\/h4><p>Benjamin Stahl is committed to ensuring the security of your information. To prevent unauthorized access to or disclosure of your personal data, we have implemented appropriate physical, electronic, and administrative security measures.<\/p><h4>Use of Cookies<\/h4><p>Our website uses cookies to collect technical information and improve your user experience. For more details on how we use cookies, please see our <strong>Cookie Policy<\/strong>.<\/p><h4>Data Retention<\/h4><p>Your personal data will be kept for as long as there is a business relationship or until you request its deletion, always in compliance with the time limits established by current regulations.<\/p><h4>Changes to the Privacy Policy<\/h4><p>Benjamin Stahl reserves the right to modify this privacy policy at any time. Any changes will be communicated through this website.<\/p><h4>Contact<\/h4><p>If you have any questions about this privacy policy or how we process your personal data, you can contact us at info@benjamin-stahl.com<\/p>\t\t\t\t\t\t\t\t<\/div>\n\t\t\t\t<\/div>\n\t\t\t\t\t<\/div>\n\t\t\t\t<\/div>\n\t\t\t\t<\/div>","protected":false},"excerpt":{"rendered":"<p>Benjamin Stahl se compromete a garantizar que su privacidad est\u00e9 protegida. Esta pol\u00edtica de privacidad explica c\u00f3mo usamos la informaci\u00f3n personal que recopilamos a trav\u00e9s de nuestro sitio web y otros canales digitales, en cumplimiento con el Reglamento General de Protecci\u00f3n de Datos (RGPD) (UE 2016\/679) y la Ley Org\u00e1nica 3\/2018, de Protecci\u00f3n de Datos&hellip;&nbsp;<\/p>","protected":false},"author":1,"featured_media":0,"parent":0,"menu_order":0,"comment_status":"closed","ping_status":"open","template":"page-templates\/template-pagebuilder-full-width.php","meta":{"neve_meta_sidebar":"","neve_meta_container":"","neve_meta_enable_content_width":"off","neve_meta_content_width":100,"neve_meta_title_alignment":"","neve_meta_author_avatar":"","neve_post_elements_order":"","neve_meta_disable_header":"","neve_meta_disable_footer":"","neve_meta_disable_title":"","_joinchat":[],"footnotes":""},"class_list":["post-3","page","type-page","status-publish","hentry"],"yoast_head":"<!-- This site is optimized with the Yoast SEO plugin v27.5 - https:\/\/yoast.com\/product\/yoast-seo-wordpress\/ -->\n<title>Pol\u00edtica de Privacidad - Traductor e Int\u00e9rprete Alem\u00e1n | Benjamin Stahl<\/title>\n<meta name=\"robots\" content=\"index, follow, max-snippet:-1, max-image-preview:large, max-video-preview:-1\" \/>\n<link rel=\"canonical\" href=\"https:\/\/benjamin-stahl.com\/en\/politica-privacidad\/\" \/>\n<meta property=\"og:locale\" content=\"en_GB\" \/>\n<meta property=\"og:type\" content=\"article\" \/>\n<meta property=\"og:title\" content=\"Pol\u00edtica de Privacidad - Traductor e Int\u00e9rprete Alem\u00e1n | Benjamin Stahl\" \/>\n<meta property=\"og:description\" content=\"Benjamin Stahl se compromete a garantizar que su privacidad est\u00e9 protegida. Esta pol\u00edtica de privacidad explica c\u00f3mo usamos la informaci\u00f3n personal que recopilamos a trav\u00e9s de nuestro sitio web y otros canales digitales, en cumplimiento con el Reglamento General de Protecci\u00f3n de Datos (RGPD) (UE 2016\/679) y la Ley Org\u00e1nica 3\/2018, de Protecci\u00f3n de Datos&hellip;&nbsp;\" \/>\n<meta property=\"og:url\" content=\"https:\/\/benjamin-stahl.com\/en\/politica-privacidad\/\" \/>\n<meta property=\"og:site_name\" content=\"Traductor e Int\u00e9rprete Alem\u00e1n | Benjamin Stahl\" \/>\n<meta property=\"article:modified_time\" content=\"2025-12-11T16:44:39+00:00\" \/>\n<meta name=\"twitter:card\" content=\"summary_large_image\" \/>\n<meta name=\"twitter:label1\" content=\"Estimated reading time\" \/>\n\t<meta name=\"twitter:data1\" content=\"3 minutes\" \/>\n<script type=\"application\/ld+json\" class=\"yoast-schema-graph\">{\"@context\":\"https:\\\/\\\/schema.org\",\"@graph\":[{\"@type\":\"WebPage\",\"@id\":\"https:\\\/\\\/benjamin-stahl.com\\\/politica-privacidad\\\/\",\"url\":\"https:\\\/\\\/benjamin-stahl.com\\\/politica-privacidad\\\/\",\"name\":\"Pol\u00edtica de Privacidad - Traductor e Int\u00e9rprete Alem\u00e1n | Benjamin Stahl\",\"isPartOf\":{\"@id\":\"https:\\\/\\\/benjamin-stahl.com\\\/#website\"},\"datePublished\":\"2024-08-28T12:05:53+00:00\",\"dateModified\":\"2025-12-11T16:44:39+00:00\",\"breadcrumb\":{\"@id\":\"https:\\\/\\\/benjamin-stahl.com\\\/politica-privacidad\\\/#breadcrumb\"},\"inLanguage\":\"en-GB\",\"potentialAction\":[{\"@type\":\"ReadAction\",\"target\":[\"https:\\\/\\\/benjamin-stahl.com\\\/politica-privacidad\\\/\"]}]},{\"@type\":\"BreadcrumbList\",\"@id\":\"https:\\\/\\\/benjamin-stahl.com\\\/politica-privacidad\\\/#breadcrumb\",\"itemListElement\":[{\"@type\":\"ListItem\",\"position\":1,\"name\":\"Portada\",\"item\":\"https:\\\/\\\/benjamin-stahl.com\\\/\"},{\"@type\":\"ListItem\",\"position\":2,\"name\":\"Pol\u00edtica de Privacidad\"}]},{\"@type\":\"WebSite\",\"@id\":\"https:\\\/\\\/benjamin-stahl.com\\\/#website\",\"url\":\"https:\\\/\\\/benjamin-stahl.com\\\/\",\"name\":\"Traductor e Int\u00e9rprete Alem\u00e1n | Benjamin Stahl\",\"description\":\"Traducci\u00f3n e interpretaci\u00f3n profesional entre alem\u00e1n y castellano. Especialista en traducci\u00f3n jurada, marketing, medicina, derecho y servicios audiovisuales.\",\"potentialAction\":[{\"@type\":\"SearchAction\",\"target\":{\"@type\":\"EntryPoint\",\"urlTemplate\":\"https:\\\/\\\/benjamin-stahl.com\\\/?s={search_term_string}\"},\"query-input\":{\"@type\":\"PropertyValueSpecification\",\"valueRequired\":true,\"valueName\":\"search_term_string\"}}],\"inLanguage\":\"en-GB\"}]}<\/script>\n<!-- \/ Yoast SEO plugin. -->","yoast_head_json":{"title":"Pol\u00edtica de Privacidad - Traductor e Int\u00e9rprete Alem\u00e1n | Benjamin Stahl","robots":{"index":"index","follow":"follow","max-snippet":"max-snippet:-1","max-image-preview":"max-image-preview:large","max-video-preview":"max-video-preview:-1"},"canonical":"https:\/\/benjamin-stahl.com\/en\/politica-privacidad\/","og_locale":"en_GB","og_type":"article","og_title":"Pol\u00edtica de Privacidad - Traductor e Int\u00e9rprete Alem\u00e1n | Benjamin Stahl","og_description":"Benjamin Stahl se compromete a garantizar que su privacidad est\u00e9 protegida. Esta pol\u00edtica de privacidad explica c\u00f3mo usamos la informaci\u00f3n personal que recopilamos a trav\u00e9s de nuestro sitio web y otros canales digitales, en cumplimiento con el Reglamento General de Protecci\u00f3n de Datos (RGPD) (UE 2016\/679) y la Ley Org\u00e1nica 3\/2018, de Protecci\u00f3n de Datos&hellip;&nbsp;","og_url":"https:\/\/benjamin-stahl.com\/en\/politica-privacidad\/","og_site_name":"Traductor e Int\u00e9rprete Alem\u00e1n | Benjamin Stahl","article_modified_time":"2025-12-11T16:44:39+00:00","twitter_card":"summary_large_image","twitter_misc":{"Estimated reading time":"3 minutes"},"schema":{"@context":"https:\/\/schema.org","@graph":[{"@type":"WebPage","@id":"https:\/\/benjamin-stahl.com\/politica-privacidad\/","url":"https:\/\/benjamin-stahl.com\/politica-privacidad\/","name":"Pol\u00edtica de Privacidad - Traductor e Int\u00e9rprete Alem\u00e1n | Benjamin Stahl","isPartOf":{"@id":"https:\/\/benjamin-stahl.com\/#website"},"datePublished":"2024-08-28T12:05:53+00:00","dateModified":"2025-12-11T16:44:39+00:00","breadcrumb":{"@id":"https:\/\/benjamin-stahl.com\/politica-privacidad\/#breadcrumb"},"inLanguage":"en-GB","potentialAction":[{"@type":"ReadAction","target":["https:\/\/benjamin-stahl.com\/politica-privacidad\/"]}]},{"@type":"BreadcrumbList","@id":"https:\/\/benjamin-stahl.com\/politica-privacidad\/#breadcrumb","itemListElement":[{"@type":"ListItem","position":1,"name":"Portada","item":"https:\/\/benjamin-stahl.com\/"},{"@type":"ListItem","position":2,"name":"Pol\u00edtica de Privacidad"}]},{"@type":"WebSite","@id":"https:\/\/benjamin-stahl.com\/#website","url":"https:\/\/benjamin-stahl.com\/","name":"German Translator and Interpreter | Benjamin Stahl","description":"Traducci\u00f3n e interpretaci\u00f3n profesional entre alem\u00e1n y castellano. Especialista en traducci\u00f3n jurada, marketing, medicina, derecho y servicios audiovisuales.","potentialAction":[{"@type":"SearchAction","target":{"@type":"EntryPoint","urlTemplate":"https:\/\/benjamin-stahl.com\/?s={search_term_string}"},"query-input":{"@type":"PropertyValueSpecification","valueRequired":true,"valueName":"search_term_string"}}],"inLanguage":"en-GB"}]}},"_links":{"self":[{"href":"https:\/\/benjamin-stahl.com\/en\/wp-json\/wp\/v2\/pages\/3","targetHints":{"allow":["GET"]}}],"collection":[{"href":"https:\/\/benjamin-stahl.com\/en\/wp-json\/wp\/v2\/pages"}],"about":[{"href":"https:\/\/benjamin-stahl.com\/en\/wp-json\/wp\/v2\/types\/page"}],"author":[{"embeddable":true,"href":"https:\/\/benjamin-stahl.com\/en\/wp-json\/wp\/v2\/users\/1"}],"replies":[{"embeddable":true,"href":"https:\/\/benjamin-stahl.com\/en\/wp-json\/wp\/v2\/comments?post=3"}],"version-history":[{"count":9,"href":"https:\/\/benjamin-stahl.com\/en\/wp-json\/wp\/v2\/pages\/3\/revisions"}],"predecessor-version":[{"id":271,"href":"https:\/\/benjamin-stahl.com\/en\/wp-json\/wp\/v2\/pages\/3\/revisions\/271"}],"wp:attachment":[{"href":"https:\/\/benjamin-stahl.com\/en\/wp-json\/wp\/v2\/media?parent=3"}],"curies":[{"name":"wp","href":"https:\/\/api.w.org\/{rel}","templated":true}]}}