{"id":252,"date":"2025-12-11T16:32:12","date_gmt":"2025-12-11T16:32:12","guid":{"rendered":"https:\/\/benjamin-stahl.com\/?page_id=252"},"modified":"2026-01-21T10:51:42","modified_gmt":"2026-01-21T10:51:42","slug":"interpretacion","status":"publish","type":"page","link":"https:\/\/benjamin-stahl.com\/en\/interpretacion\/","title":{"rendered":"Interpretation"},"content":{"rendered":"\t\t<div data-elementor-type=\"wp-page\" data-elementor-id=\"252\" class=\"elementor elementor-252\" data-elementor-post-type=\"page\">\n\t\t\t\t\t\t<section class=\"elementor-section elementor-top-section elementor-element elementor-element-63d592a0 elementor-section-boxed elementor-section-height-default elementor-section-height-default\" data-id=\"63d592a0\" data-element_type=\"section\" data-e-type=\"section\" data-settings=\"{&quot;background_background&quot;:&quot;classic&quot;}\">\n\t\t\t\t\t\t\t<div class=\"elementor-background-overlay\"><\/div>\n\t\t\t\t\t\t\t<div class=\"elementor-container elementor-column-gap-no\">\n\t\t\t\t\t<div class=\"elementor-column elementor-col-100 elementor-top-column elementor-element elementor-element-6959f7ca\" data-id=\"6959f7ca\" data-element_type=\"column\" data-e-type=\"column\">\n\t\t\t<div class=\"elementor-widget-wrap elementor-element-populated\">\n\t\t\t\t\t\t<div class=\"elementor-element elementor-element-e38e9ce elementor-widget elementor-widget-text-editor\" data-id=\"e38e9ce\" data-element_type=\"widget\" data-e-type=\"widget\" data-widget_type=\"text-editor.default\">\n\t\t\t\t<div class=\"elementor-widget-container\">\n\t\t\t\t\t\t\t\t\t<p>\ud83c\uddea\ud83c\uddf8 | \ud83c\udde9\ud83c\uddea\u00a0<\/p>\t\t\t\t\t\t\t\t<\/div>\n\t\t\t\t<\/div>\n\t\t\t\t\t<\/div>\n\t\t<\/div>\n\t\t\t\t\t<\/div>\n\t\t<\/section>\n\t\t\t\t<section class=\"elementor-section elementor-top-section elementor-element elementor-element-6191603 elementor-section-boxed elementor-section-height-default elementor-section-height-default\" data-id=\"6191603\" data-element_type=\"section\" data-e-type=\"section\">\n\t\t\t\t\t\t<div class=\"elementor-container elementor-column-gap-no\">\n\t\t\t\t\t<div class=\"elementor-column elementor-col-100 elementor-top-column elementor-element elementor-element-033a6e5\" data-id=\"033a6e5\" data-element_type=\"column\" data-e-type=\"column\">\n\t\t\t<div class=\"elementor-widget-wrap elementor-element-populated\">\n\t\t\t\t\t\t<section class=\"elementor-section elementor-inner-section elementor-element elementor-element-62b2ee0 elementor-section-boxed elementor-section-height-default elementor-section-height-default\" data-id=\"62b2ee0\" data-element_type=\"section\" data-e-type=\"section\">\n\t\t\t\t\t\t<div class=\"elementor-container elementor-column-gap-no\">\n\t\t\t\t\t<div class=\"elementor-column elementor-col-50 elementor-inner-column elementor-element elementor-element-b19407a\" data-id=\"b19407a\" data-element_type=\"column\" data-e-type=\"column\">\n\t\t\t<div class=\"elementor-widget-wrap elementor-element-populated\">\n\t\t\t\t\t\t<div class=\"elementor-element elementor-element-4935613 elementor-invisible elementor-widget elementor-widget-heading\" data-id=\"4935613\" data-element_type=\"widget\" data-e-type=\"widget\" data-settings=\"{&quot;_animation&quot;:&quot;fadeInUp&quot;}\" data-widget_type=\"heading.default\">\n\t\t\t\t<div class=\"elementor-widget-container\">\n\t\t\t\t\t<h2 class=\"elementor-heading-title elementor-size-default\">\u00bfC\u00f3mo te puedo ayudar?<\/h2>\t\t\t\t<\/div>\n\t\t\t\t<\/div>\n\t\t\t\t<div class=\"elementor-element elementor-element-5c10954 elementor-widget elementor-widget-text-editor\" data-id=\"5c10954\" data-element_type=\"widget\" data-e-type=\"widget\" data-widget_type=\"text-editor.default\">\n\t\t\t\t<div class=\"elementor-widget-container\">\n\t\t\t\t\t\t\t\t\t<p data-start=\"0\" data-end=\"420\">Ofrezco servicios de interpretaci\u00f3n entre el alem\u00e1n y el castellano, siempre adaptados al contexto, al formato y a las necesidades concretas de cada situaci\u00f3n comunicativa.<\/p>\t\t\t\t\t\t\t\t<\/div>\n\t\t\t\t<\/div>\n\t\t<div class=\"elementor-element elementor-element-564a8cd e-flex e-con-boxed e-con e-parent\" data-id=\"564a8cd\" data-element_type=\"container\" data-e-type=\"container\" data-settings=\"{&quot;background_background&quot;:&quot;classic&quot;}\">\n\t\t\t\t\t<div class=\"e-con-inner\">\n\t\t\t\t<div class=\"elementor-element elementor-element-17f9eae elementor-widget elementor-widget-text-editor\" data-id=\"17f9eae\" data-element_type=\"widget\" data-e-type=\"widget\" data-widget_type=\"text-editor.default\">\n\t\t\t\t<div class=\"elementor-widget-container\">\n\t\t\t\t\t\t\t\t\t<p><strong>Interpretaci\u00f3n simult\u00e1nea<\/strong>, en la que el mensaje se transmite (casi) al mismo tiempo que habla el ponente, por ejemplo en una conferencia sobre maquinaria agr\u00edcola, una sesi\u00f3n de comit\u00e9 de empresa europeo, o en ruedas de prensa. Requiere el uso de equipamiento t\u00e9cnico espec\u00edfico, como cabinas de interpretaci\u00f3n y sistemas de audio adecuados.<\/p>\t\t\t\t\t\t\t\t<\/div>\n\t\t\t\t<\/div>\n\t\t\t\t\t<\/div>\n\t\t\t\t<\/div>\n\t\t<div class=\"elementor-element elementor-element-9be1842 e-flex e-con-boxed e-con e-parent\" data-id=\"9be1842\" data-element_type=\"container\" data-e-type=\"container\" data-settings=\"{&quot;background_background&quot;:&quot;classic&quot;}\">\n\t\t\t\t\t<div class=\"e-con-inner\">\n\t\t\t\t<div class=\"elementor-element elementor-element-ff20268 elementor-widget elementor-widget-text-editor\" data-id=\"ff20268\" data-element_type=\"widget\" data-e-type=\"widget\" data-widget_type=\"text-editor.default\">\n\t\t\t\t<div class=\"elementor-widget-container\">\n\t\t\t\t\t\t\t\t\t<p><strong>Interpretaci\u00f3n consecutiva<\/strong>, donde el orador habla por segmentos y el int\u00e9rprete reproduce el contenido a continuaci\u00f3n, lo que resulta habitual en reuniones o intervenciones m\u00e1s breves y de menor envergadura.<\/p>\t\t\t\t\t\t\t\t<\/div>\n\t\t\t\t<\/div>\n\t\t\t\t\t<\/div>\n\t\t\t\t<\/div>\n\t\t<div class=\"elementor-element elementor-element-fc8a353 e-flex e-con-boxed e-con e-parent\" data-id=\"fc8a353\" data-element_type=\"container\" data-e-type=\"container\" data-settings=\"{&quot;background_background&quot;:&quot;classic&quot;}\">\n\t\t\t\t\t<div class=\"e-con-inner\">\n\t\t\t\t<div class=\"elementor-element elementor-element-9cb52d4 elementor-widget elementor-widget-text-editor\" data-id=\"9cb52d4\" data-element_type=\"widget\" data-e-type=\"widget\" data-widget_type=\"text-editor.default\">\n\t\t\t\t<div class=\"elementor-widget-container\">\n\t\t\t\t\t\t\t\t\t<p><strong>Interpretaci\u00f3n bilateral<\/strong>, especialmente en entornos cotidianos y comunitarios entre dos o m\u00e1s partes, como centros educativos, consultas m\u00e9dicas o reuniones con administraciones p\u00fablicas.<\/p>\t\t\t\t\t\t\t\t<\/div>\n\t\t\t\t<\/div>\n\t\t\t\t\t<\/div>\n\t\t\t\t<\/div>\n\t\t<div class=\"elementor-element elementor-element-c590735 e-flex e-con-boxed e-con e-parent\" data-id=\"c590735\" data-element_type=\"container\" data-e-type=\"container\" data-settings=\"{&quot;background_background&quot;:&quot;classic&quot;}\">\n\t\t\t\t\t<div class=\"e-con-inner\">\n\t\t\t\t<div class=\"elementor-element elementor-element-444e222 elementor-widget elementor-widget-text-editor\" data-id=\"444e222\" data-element_type=\"widget\" data-e-type=\"widget\" data-widget_type=\"text-editor.default\">\n\t\t\t\t<div class=\"elementor-widget-container\">\n\t\t\t\t\t\t\t\t\t<p><strong>Interpretaci\u00f3n telef\u00f3nica y por videollamada<\/strong>, una soluci\u00f3n flexible, moderna y eficaz para situaciones que requieren rapidez o no permiten la presencia f\u00edsica.<\/p>\t\t\t\t\t\t\t\t<\/div>\n\t\t\t\t<\/div>\n\t\t\t\t\t<\/div>\n\t\t\t\t<\/div>\n\t\t\t\t<div class=\"elementor-element elementor-element-5275066 elementor-widget elementor-widget-text-editor\" data-id=\"5275066\" data-element_type=\"widget\" data-e-type=\"widget\" data-widget_type=\"text-editor.default\">\n\t\t\t\t<div class=\"elementor-widget-container\">\n\t\t\t\t\t\t\t\t\t<p data-start=\"0\" data-end=\"420\">Si necesitas alguno de estos servicios o un encargo similar que no figure expresamente aqu\u00ed, no dudes en ponerte en contacto conmigo.<\/p>\t\t\t\t\t\t\t\t<\/div>\n\t\t\t\t<\/div>\n\t\t\t\t\t<\/div>\n\t\t<\/div>\n\t\t\t\t<div class=\"elementor-column elementor-col-50 elementor-inner-column elementor-element elementor-element-70467cc\" data-id=\"70467cc\" data-element_type=\"column\" data-e-type=\"column\" data-settings=\"{&quot;background_background&quot;:&quot;classic&quot;}\">\n\t\t\t<div class=\"elementor-widget-wrap elementor-element-populated\">\n\t\t\t\t\t\t<div class=\"elementor-element elementor-element-7536d0b elementor-widget elementor-widget-spacer\" data-id=\"7536d0b\" data-element_type=\"widget\" data-e-type=\"widget\" data-widget_type=\"spacer.default\">\n\t\t\t\t<div class=\"elementor-widget-container\">\n\t\t\t\t\t\t\t<div class=\"elementor-spacer\">\n\t\t\t<div class=\"elementor-spacer-inner\"><\/div>\n\t\t<\/div>\n\t\t\t\t\t\t<\/div>\n\t\t\t\t<\/div>\n\t\t\t\t\t<\/div>\n\t\t<\/div>\n\t\t\t\t\t<\/div>\n\t\t<\/section>\n\t\t\t\t\t<\/div>\n\t\t<\/div>\n\t\t\t\t\t<\/div>\n\t\t<\/section>\n\t\t\t\t<section class=\"elementor-section elementor-top-section elementor-element elementor-element-f45fa6d elementor-section-boxed elementor-section-height-default elementor-section-height-default\" data-id=\"f45fa6d\" data-element_type=\"section\" data-e-type=\"section\" data-settings=\"{&quot;background_background&quot;:&quot;gradient&quot;}\">\n\t\t\t\t\t\t<div class=\"elementor-container elementor-column-gap-no\">\n\t\t\t\t\t<div class=\"elementor-column elementor-col-50 elementor-top-column elementor-element elementor-element-2dee1ad\" data-id=\"2dee1ad\" data-element_type=\"column\" data-e-type=\"column\">\n\t\t\t<div class=\"elementor-widget-wrap elementor-element-populated\">\n\t\t\t\t\t\t<div class=\"elementor-element elementor-element-94c9549 elementor-invisible elementor-widget elementor-widget-heading\" data-id=\"94c9549\" data-element_type=\"widget\" data-e-type=\"widget\" data-settings=\"{&quot;_animation&quot;:&quot;fadeInLeft&quot;}\" data-widget_type=\"heading.default\">\n\t\t\t\t<div class=\"elementor-widget-container\">\n\t\t\t\t\t<h3 class=\"elementor-heading-title elementor-size-default\">Tarifas y presupuesto<\/h3>\t\t\t\t<\/div>\n\t\t\t\t<\/div>\n\t\t\t\t<div class=\"elementor-element elementor-element-99a06b4 elementor-widget elementor-widget-text-editor\" data-id=\"99a06b4\" data-element_type=\"widget\" data-e-type=\"widget\" data-widget_type=\"text-editor.default\">\n\t\t\t\t<div class=\"elementor-widget-container\">\n\t\t\t\t\t\t\t\t\t<p data-start=\"0\" data-end=\"337\">Las tarifas de interpretaci\u00f3n se\u00a0 adaptan siempre a las caracter\u00edsticas y necesidades concretas de cada encargo. Varios factores influyen seg\u00fan la situaci\u00f3n, como el tipo de interpretaci\u00f3n, la duraci\u00f3n, el contexto y las condiciones t\u00e9cnicas. En el caso de la interpretaci\u00f3n simult\u00e1nea, por ejemplo, es necesario contar con equipamiento espec\u00edfico \u2014como cabinas y sistemas de audio\u2014, lo que conlleva costes adicionales. A todos los importes se les aplica el IVA correspondiente.<\/p><p data-start=\"0\" data-end=\"337\">Para obtener un presupuesto personalizado y ajustado a tu proyecto, te invito a ponerte en contacto conmigo; te enviar\u00e9 una propuesta detallada a la mayor brevedad posible.<\/p>\t\t\t\t\t\t\t\t<\/div>\n\t\t\t\t<\/div>\n\t\t\t\t\t<\/div>\n\t\t<\/div>\n\t\t\t\t<div class=\"elementor-column elementor-col-50 elementor-top-column elementor-element elementor-element-596edfc\" data-id=\"596edfc\" data-element_type=\"column\" data-e-type=\"column\">\n\t\t\t<div class=\"elementor-widget-wrap elementor-element-populated\">\n\t\t\t\t\t\t<section class=\"elementor-section elementor-inner-section elementor-element elementor-element-26661df elementor-section-boxed elementor-section-height-default elementor-section-height-default elementor-invisible\" data-id=\"26661df\" data-element_type=\"section\" data-e-type=\"section\" data-settings=\"{&quot;animation&quot;:&quot;fadeInRight&quot;,&quot;background_background&quot;:&quot;classic&quot;}\">\n\t\t\t\t\t\t<div class=\"elementor-container elementor-column-gap-no\">\n\t\t\t\t\t<div class=\"elementor-column elementor-col-100 elementor-inner-column elementor-element elementor-element-4b69ce6\" data-id=\"4b69ce6\" data-element_type=\"column\" data-e-type=\"column\">\n\t\t\t<div class=\"elementor-widget-wrap elementor-element-populated\">\n\t\t\t\t\t\t<div class=\"elementor-element elementor-element-4d98704 elementor-widget elementor-widget-heading\" data-id=\"4d98704\" data-element_type=\"widget\" data-e-type=\"widget\" data-widget_type=\"heading.default\">\n\t\t\t\t<div class=\"elementor-widget-container\">\n\t\t\t\t\t<h4 class=\"elementor-heading-title elementor-size-default\">\u00bfHablamos?<\/h4>\t\t\t\t<\/div>\n\t\t\t\t<\/div>\n\t\t\t\t<div class=\"elementor-element elementor-element-a6c8454 elementor-button-align-stretch elementor-widget elementor-widget-form\" data-id=\"a6c8454\" data-element_type=\"widget\" data-e-type=\"widget\" data-settings=\"{&quot;step_next_label&quot;:&quot;Siguiente&quot;,&quot;step_previous_label&quot;:&quot;Anterior&quot;,&quot;button_width&quot;:&quot;100&quot;,&quot;step_type&quot;:&quot;number_text&quot;,&quot;step_icon_shape&quot;:&quot;circle&quot;}\" data-widget_type=\"form.default\">\n\t\t\t\t<div class=\"elementor-widget-container\">\n\t\t\t\t\t\t\t<form class=\"elementor-form\" method=\"post\" name=\"Nuevo formulario\" aria-label=\"Nuevo formulario\">\n\t\t\t<input type=\"hidden\" name=\"post_id\" value=\"252\"\/>\n\t\t\t<input type=\"hidden\" name=\"form_id\" value=\"a6c8454\"\/>\n\t\t\t<input type=\"hidden\" name=\"referer_title\" value=\"Interpretaci\u00f3n alem\u00e1n-espa\u00f1ol | Simult\u00e1nea y consecutiva\" \/>\n\n\t\t\t\t\t\t\t<input type=\"hidden\" name=\"queried_id\" value=\"252\"\/>\n\t\t\t\n\t\t\t<div class=\"elementor-form-fields-wrapper elementor-labels-\">\n\t\t\t\t\t\t\t\t<div class=\"elementor-field-type-text elementor-field-group elementor-column elementor-field-group-name elementor-col-100\">\n\t\t\t\t\t\t\t\t\t\t\t\t<label for=\"form-field-name\" class=\"elementor-field-label elementor-screen-only\">\n\t\t\t\t\t\t\t\tNombre\t\t\t\t\t\t\t<\/label>\n\t\t\t\t\t\t\t\t\t\t\t\t\t\t<input size=\"1\" type=\"text\" name=\"form_fields[name]\" id=\"form-field-name\" class=\"elementor-field elementor-size-sm  elementor-field-textual\" placeholder=\"Nombre\">\n\t\t\t\t\t\t\t\t\t\t\t<\/div>\n\t\t\t\t\t\t\t\t<div class=\"elementor-field-type-tel elementor-field-group elementor-column elementor-field-group-field_9566898 elementor-col-100 elementor-field-required\">\n\t\t\t\t\t\t\t\t\t\t\t\t<label for=\"form-field-field_9566898\" class=\"elementor-field-label elementor-screen-only\">\n\t\t\t\t\t\t\t\tTel\u00e9fono\t\t\t\t\t\t\t<\/label>\n\t\t\t\t\t\t\t\t<input size=\"1\" type=\"tel\" name=\"form_fields[field_9566898]\" id=\"form-field-field_9566898\" class=\"elementor-field elementor-size-sm  elementor-field-textual\" placeholder=\"Tel\u00e9fono\" required=\"required\" pattern=\"[0-9()#&amp;+*-=.]+\" title=\"Solo se aceptan n\u00fameros y caracteres de tel\u00e9fono (#,-,*,etc).\">\n\n\t\t\t\t\t\t<\/div>\n\t\t\t\t\t\t\t\t<div class=\"elementor-field-type-email elementor-field-group elementor-column elementor-field-group-email elementor-col-100 elementor-field-required\">\n\t\t\t\t\t\t\t\t\t\t\t\t<label for=\"form-field-email\" class=\"elementor-field-label elementor-screen-only\">\n\t\t\t\t\t\t\t\tCorreo electr\u00f3nico\t\t\t\t\t\t\t<\/label>\n\t\t\t\t\t\t\t\t\t\t\t\t\t\t<input size=\"1\" type=\"email\" name=\"form_fields[email]\" id=\"form-field-email\" class=\"elementor-field elementor-size-sm  elementor-field-textual\" placeholder=\"Correo electr\u00f3nico\" required=\"required\">\n\t\t\t\t\t\t\t\t\t\t\t<\/div>\n\t\t\t\t\t\t\t\t<div class=\"elementor-field-type-textarea elementor-field-group elementor-column elementor-field-group-message elementor-col-100\">\n\t\t\t\t\t\t\t\t\t\t\t\t<label for=\"form-field-message\" class=\"elementor-field-label elementor-screen-only\">\n\t\t\t\t\t\t\t\tMensaje\t\t\t\t\t\t\t<\/label>\n\t\t\t\t\t\t<textarea class=\"elementor-field-textual elementor-field  elementor-size-sm\" name=\"form_fields[message]\" id=\"form-field-message\" rows=\"4\" placeholder=\"Mensaje\"><\/textarea>\t\t\t\t<\/div>\n\t\t\t\t\t\t\t\t<div class=\"elementor-field-type-acceptance elementor-field-group elementor-column elementor-field-group-field_1125461 elementor-col-100 elementor-field-required\">\n\t\t\t\t\t\t\t<div class=\"elementor-field-subgroup\">\n\t\t\t<span class=\"elementor-field-option\">\n\t\t\t\t<input type=\"checkbox\" name=\"form_fields[field_1125461]\" id=\"form-field-field_1125461\" class=\"elementor-field elementor-size-sm  elementor-acceptance-field\" required=\"required\">\n\t\t\t\t<label for=\"form-field-field_1125461\">He le\u00eddo y acepto la pol\u00edtica de privacidad.<\/label>\t\t\t<\/span>\n\t\t<\/div>\n\t\t\t\t\t\t<\/div>\n\t\t\t\t\t\t\t\t<div class=\"elementor-field-group elementor-column elementor-field-type-submit elementor-col-100 e-form__buttons\">\n\t\t\t\t\t<button class=\"elementor-button elementor-size-sm\" type=\"submit\">\n\t\t\t\t\t\t<span class=\"elementor-button-content-wrapper\">\n\t\t\t\t\t\t\t\t\t\t\t\t\t\t\t\t\t\t\t\t\t\t<span class=\"elementor-button-text\">Enviar<\/span>\n\t\t\t\t\t\t\t\t\t\t\t\t\t<\/span>\n\t\t\t\t\t<\/button>\n\t\t\t\t<\/div>\n\t\t\t<\/div>\n\t\t<\/form>\n\t\t\t\t\t\t<\/div>\n\t\t\t\t<\/div>\n\t\t\t\t\t<\/div>\n\t\t<\/div>\n\t\t\t\t\t<\/div>\n\t\t<\/section>\n\t\t\t\t\t<\/div>\n\t\t<\/div>\n\t\t\t\t\t<\/div>\n\t\t<\/section>\n\t\t\t\t<\/div>\n\t\t","protected":false},"excerpt":{"rendered":"<p>\ud83c\uddea\ud83c\uddf8 | \ud83c\udde9\ud83c\uddea \u00bfC\u00f3mo te puedo ayudar? Ofrezco servicios de interpretaci\u00f3n entre el alem\u00e1n y el castellano, siempre adaptados al contexto, al formato y a las necesidades concretas de cada situaci\u00f3n comunicativa. Interpretaci\u00f3n simult\u00e1nea, en la que el mensaje se transmite (casi) al mismo tiempo que habla el ponente, por ejemplo en una conferencia sobre&hellip;&nbsp;<\/p>","protected":false},"author":1,"featured_media":0,"parent":0,"menu_order":0,"comment_status":"closed","ping_status":"closed","template":"page-templates\/template-pagebuilder-full-width.php","meta":{"neve_meta_sidebar":"","neve_meta_container":"","neve_meta_enable_content_width":"off","neve_meta_content_width":100,"neve_meta_title_alignment":"","neve_meta_author_avatar":"","neve_post_elements_order":"","neve_meta_disable_header":"","neve_meta_disable_footer":"","neve_meta_disable_title":"","_joinchat":[],"footnotes":""},"class_list":["post-252","page","type-page","status-publish","hentry"],"yoast_head":"<!-- This site is optimized with the Yoast SEO plugin v27.3 - https:\/\/yoast.com\/product\/yoast-seo-wordpress\/ -->\n<title>Interpretaci\u00f3n alem\u00e1n-espa\u00f1ol | Simult\u00e1nea y consecutiva<\/title>\n<meta name=\"description\" content=\"Interpretaci\u00f3n alem\u00e1n-espa\u00f1ol para reuniones, conferencias y eventos: simult\u00e1nea, consecutiva y bilateral, tambi\u00e9n online. \u00a1Reserva fecha ya!\" \/>\n<meta name=\"robots\" content=\"index, follow, max-snippet:-1, max-image-preview:large, max-video-preview:-1\" \/>\n<link rel=\"canonical\" href=\"https:\/\/benjamin-stahl.com\/en\/interpretacion\/\" \/>\n<meta property=\"og:locale\" content=\"en_GB\" \/>\n<meta property=\"og:type\" content=\"article\" \/>\n<meta property=\"og:title\" content=\"Interpretaci\u00f3n alem\u00e1n-espa\u00f1ol | Simult\u00e1nea y consecutiva\" \/>\n<meta property=\"og:description\" content=\"Interpretaci\u00f3n alem\u00e1n-espa\u00f1ol para reuniones, conferencias y eventos: simult\u00e1nea, consecutiva y bilateral, tambi\u00e9n online. \u00a1Reserva fecha ya!\" \/>\n<meta property=\"og:url\" content=\"https:\/\/benjamin-stahl.com\/en\/interpretacion\/\" \/>\n<meta property=\"og:site_name\" content=\"Traductor e Int\u00e9rprete Alem\u00e1n | Benjamin Stahl\" \/>\n<meta property=\"article:modified_time\" content=\"2026-01-21T10:51:42+00:00\" \/>\n<meta name=\"twitter:card\" content=\"summary_large_image\" \/>\n<meta name=\"twitter:label1\" content=\"Estimated reading time\" \/>\n\t<meta name=\"twitter:data1\" content=\"2 minutes\" \/>\n<script type=\"application\/ld+json\" class=\"yoast-schema-graph\">{\"@context\":\"https:\\\/\\\/schema.org\",\"@graph\":[{\"@type\":\"WebPage\",\"@id\":\"https:\\\/\\\/benjamin-stahl.com\\\/interpretacion\\\/\",\"url\":\"https:\\\/\\\/benjamin-stahl.com\\\/interpretacion\\\/\",\"name\":\"Interpretaci\u00f3n alem\u00e1n-espa\u00f1ol | Simult\u00e1nea y consecutiva\",\"isPartOf\":{\"@id\":\"https:\\\/\\\/benjamin-stahl.com\\\/#website\"},\"datePublished\":\"2025-12-11T16:32:12+00:00\",\"dateModified\":\"2026-01-21T10:51:42+00:00\",\"description\":\"Interpretaci\u00f3n alem\u00e1n-espa\u00f1ol para reuniones, conferencias y eventos: simult\u00e1nea, consecutiva y bilateral, tambi\u00e9n online. \u00a1Reserva fecha ya!\",\"breadcrumb\":{\"@id\":\"https:\\\/\\\/benjamin-stahl.com\\\/interpretacion\\\/#breadcrumb\"},\"inLanguage\":\"en-GB\",\"potentialAction\":[{\"@type\":\"ReadAction\",\"target\":[\"https:\\\/\\\/benjamin-stahl.com\\\/interpretacion\\\/\"]}]},{\"@type\":\"BreadcrumbList\",\"@id\":\"https:\\\/\\\/benjamin-stahl.com\\\/interpretacion\\\/#breadcrumb\",\"itemListElement\":[{\"@type\":\"ListItem\",\"position\":1,\"name\":\"Portada\",\"item\":\"https:\\\/\\\/benjamin-stahl.com\\\/\"},{\"@type\":\"ListItem\",\"position\":2,\"name\":\"Interpretaci\u00f3n\"}]},{\"@type\":\"WebSite\",\"@id\":\"https:\\\/\\\/benjamin-stahl.com\\\/#website\",\"url\":\"https:\\\/\\\/benjamin-stahl.com\\\/\",\"name\":\"Traductor e Int\u00e9rprete Alem\u00e1n | Benjamin Stahl\",\"description\":\"Traducci\u00f3n e interpretaci\u00f3n profesional entre alem\u00e1n y castellano. Especialista en traducci\u00f3n jurada, marketing, medicina, derecho y servicios audiovisuales.\",\"potentialAction\":[{\"@type\":\"SearchAction\",\"target\":{\"@type\":\"EntryPoint\",\"urlTemplate\":\"https:\\\/\\\/benjamin-stahl.com\\\/?s={search_term_string}\"},\"query-input\":{\"@type\":\"PropertyValueSpecification\",\"valueRequired\":true,\"valueName\":\"search_term_string\"}}],\"inLanguage\":\"en-GB\"}]}<\/script>\n<!-- \/ Yoast SEO plugin. -->","yoast_head_json":{"title":"Interpretaci\u00f3n alem\u00e1n-espa\u00f1ol | Simult\u00e1nea y consecutiva","description":"Interpretaci\u00f3n alem\u00e1n-espa\u00f1ol para reuniones, conferencias y eventos: simult\u00e1nea, consecutiva y bilateral, tambi\u00e9n online. \u00a1Reserva fecha ya!","robots":{"index":"index","follow":"follow","max-snippet":"max-snippet:-1","max-image-preview":"max-image-preview:large","max-video-preview":"max-video-preview:-1"},"canonical":"https:\/\/benjamin-stahl.com\/en\/interpretacion\/","og_locale":"en_GB","og_type":"article","og_title":"Interpretaci\u00f3n alem\u00e1n-espa\u00f1ol | Simult\u00e1nea y consecutiva","og_description":"Interpretaci\u00f3n alem\u00e1n-espa\u00f1ol para reuniones, conferencias y eventos: simult\u00e1nea, consecutiva y bilateral, tambi\u00e9n online. \u00a1Reserva fecha ya!","og_url":"https:\/\/benjamin-stahl.com\/en\/interpretacion\/","og_site_name":"Traductor e Int\u00e9rprete Alem\u00e1n | Benjamin Stahl","article_modified_time":"2026-01-21T10:51:42+00:00","twitter_card":"summary_large_image","twitter_misc":{"Estimated reading time":"2 minutes"},"schema":{"@context":"https:\/\/schema.org","@graph":[{"@type":"WebPage","@id":"https:\/\/benjamin-stahl.com\/interpretacion\/","url":"https:\/\/benjamin-stahl.com\/interpretacion\/","name":"Interpretaci\u00f3n alem\u00e1n-espa\u00f1ol | Simult\u00e1nea y consecutiva","isPartOf":{"@id":"https:\/\/benjamin-stahl.com\/#website"},"datePublished":"2025-12-11T16:32:12+00:00","dateModified":"2026-01-21T10:51:42+00:00","description":"Interpretaci\u00f3n alem\u00e1n-espa\u00f1ol para reuniones, conferencias y eventos: simult\u00e1nea, consecutiva y bilateral, tambi\u00e9n online. \u00a1Reserva fecha ya!","breadcrumb":{"@id":"https:\/\/benjamin-stahl.com\/interpretacion\/#breadcrumb"},"inLanguage":"en-GB","potentialAction":[{"@type":"ReadAction","target":["https:\/\/benjamin-stahl.com\/interpretacion\/"]}]},{"@type":"BreadcrumbList","@id":"https:\/\/benjamin-stahl.com\/interpretacion\/#breadcrumb","itemListElement":[{"@type":"ListItem","position":1,"name":"Portada","item":"https:\/\/benjamin-stahl.com\/"},{"@type":"ListItem","position":2,"name":"Interpretaci\u00f3n"}]},{"@type":"WebSite","@id":"https:\/\/benjamin-stahl.com\/#website","url":"https:\/\/benjamin-stahl.com\/","name":"German Translator and Interpreter | Benjamin Stahl","description":"Traducci\u00f3n e interpretaci\u00f3n profesional entre alem\u00e1n y castellano. Especialista en traducci\u00f3n jurada, marketing, medicina, derecho y servicios audiovisuales.","potentialAction":[{"@type":"SearchAction","target":{"@type":"EntryPoint","urlTemplate":"https:\/\/benjamin-stahl.com\/?s={search_term_string}"},"query-input":{"@type":"PropertyValueSpecification","valueRequired":true,"valueName":"search_term_string"}}],"inLanguage":"en-GB"}]}},"_links":{"self":[{"href":"https:\/\/benjamin-stahl.com\/en\/wp-json\/wp\/v2\/pages\/252","targetHints":{"allow":["GET"]}}],"collection":[{"href":"https:\/\/benjamin-stahl.com\/en\/wp-json\/wp\/v2\/pages"}],"about":[{"href":"https:\/\/benjamin-stahl.com\/en\/wp-json\/wp\/v2\/types\/page"}],"author":[{"embeddable":true,"href":"https:\/\/benjamin-stahl.com\/en\/wp-json\/wp\/v2\/users\/1"}],"replies":[{"embeddable":true,"href":"https:\/\/benjamin-stahl.com\/en\/wp-json\/wp\/v2\/comments?post=252"}],"version-history":[{"count":17,"href":"https:\/\/benjamin-stahl.com\/en\/wp-json\/wp\/v2\/pages\/252\/revisions"}],"predecessor-version":[{"id":428,"href":"https:\/\/benjamin-stahl.com\/en\/wp-json\/wp\/v2\/pages\/252\/revisions\/428"}],"wp:attachment":[{"href":"https:\/\/benjamin-stahl.com\/en\/wp-json\/wp\/v2\/media?parent=252"}],"curies":[{"name":"wp","href":"https:\/\/api.w.org\/{rel}","templated":true}]}}