{"id":10,"date":"2024-08-29T11:27:31","date_gmt":"2024-08-29T11:27:31","guid":{"rendered":"https:\/\/revolutionsoft.shop\/?page_id=10"},"modified":"2025-12-11T16:47:28","modified_gmt":"2025-12-11T16:47:28","slug":"aviso-legal","status":"publish","type":"page","link":"https:\/\/benjamin-stahl.com\/en\/aviso-legal\/","title":{"rendered":"Legal Notice"},"content":{"rendered":"<div data-elementor-type=\"wp-page\" data-elementor-id=\"10\" class=\"elementor elementor-10\" data-elementor-post-type=\"page\">\n\t\t\t\t\t\t<section class=\"elementor-section elementor-top-section elementor-element elementor-element-50ac8a50 elementor-section-boxed elementor-section-height-default elementor-section-height-default\" data-id=\"50ac8a50\" data-element_type=\"section\" data-e-type=\"section\" data-settings=\"{&quot;background_background&quot;:&quot;classic&quot;}\">\n\t\t\t\t\t\t\t<div class=\"elementor-background-overlay\"><\/div>\n\t\t\t\t\t\t\t<div class=\"elementor-container elementor-column-gap-no\">\n\t\t\t\t\t<div class=\"elementor-column elementor-col-100 elementor-top-column elementor-element elementor-element-48ef599f\" data-id=\"48ef599f\" data-element_type=\"column\" data-e-type=\"column\">\n\t\t\t<div class=\"elementor-widget-wrap elementor-element-populated\">\n\t\t\t\t\t\t\t<\/div>\n\t\t<\/div>\n\t\t\t\t\t<\/div>\n\t\t<\/section>\n\t\t<div class=\"elementor-element elementor-element-15ce24f e-flex e-con-boxed e-con e-parent\" data-id=\"15ce24f\" data-element_type=\"container\" data-e-type=\"container\">\n\t\t\t\t\t<div class=\"e-con-inner\">\n\t\t\t\t<div class=\"elementor-element elementor-element-8dd79a3 elementor-widget elementor-widget-text-editor\" data-id=\"8dd79a3\" data-element_type=\"widget\" data-e-type=\"widget\" data-widget_type=\"text-editor.default\">\n\t\t\t\t<div class=\"elementor-widget-container\">\n\t\t\t\t\t\t\t\t\t<p>In compliance with the provisions of Law 34\/2002, of July 11, on Information Society Services and Electronic Commerce (LSSI-CE), the following legal aspects of this website are reported:<\/p><h4>Website Ownership<\/h4><ul><li><strong>Company name<\/strong>Benjamin Stahl<\/li><li><strong>CIF<\/strong>: ESX4557111Y<\/li><li><strong>Tax and registered office<\/strong>: Bravo Murillo Street, 73, 4-5, 28003, Madrid<\/li><li><strong>Email<\/strong>: info@benjamin-stahl.com<\/li><\/ul><h4>Terms of use<\/h4><p>Access to and use of the Benjamin Stahl website confers the status of user, and implies full and unreserved acceptance of each and every one of the provisions included in this Legal Notice, in the version published by Benjamin Stahl at the same time that the user accesses the website.<\/p><h4>Intellectual and Industrial Property<\/h4><p>All website content, including but not limited to text, photographs, graphics, images, icons, technology, software, and other audiovisual or sound content, as well as its graphic design and source code, are the intellectual property of Benjamin Stahl and no exploitation rights are granted to the user beyond what is strictly necessary for the proper use of the website.<\/p><h4>Data Protection<\/h4><p>Benjamin Stahl complies with current data protection regulations and ensures the correct management of personal data that may be collected through contact forms on the website, in accordance with the provisions of Regulation (EU) 2016\/679 (General Data Protection Regulation).<\/p><h4>Content Responsibility<\/h4><p>Benjamin Stahl is not responsible for the legality of other third-party websites that may be accessed from this website. Nor is he responsible for the legality of other third-party websites that may be linked to or from this website.<\/p><h4>Applicable Legislation and Jurisdiction<\/h4><p>The relationship between Benjamin Stahl and the user will be governed by current Spanish legislation, and any dispute will be submitted to the Courts and Tribunals of the city of Barcelona, \u200b\u200bunless applicable legislation provides otherwise.<\/p><hr \/><p>For more information or any questions regarding this Legal Notice, please contact us via email: info@benjamin-stahl.com\u00a0<\/p>\t\t\t\t\t\t\t\t<\/div>\n\t\t\t\t<\/div>\n\t\t\t\t\t<\/div>\n\t\t\t\t<\/div>\n\t\t\t\t<\/div>","protected":false},"excerpt":{"rendered":"<p>En cumplimiento con lo dispuesto en la Ley 34\/2002, de 11 de julio, de Servicios de la Sociedad de la Informaci\u00f3n y de Comercio Electr\u00f3nico (LSSI-CE), se informa de los siguientes aspectos legales de este sitio web: Titularidad del Sitio Web Raz\u00f3n social: Benjamin Stahl CIF: ESX4557111Y Domicilio fiscal y social: Calle de Bravo Murillo,&hellip;&nbsp;<\/p>","protected":false},"author":1,"featured_media":0,"parent":0,"menu_order":0,"comment_status":"closed","ping_status":"closed","template":"page-templates\/template-pagebuilder-full-width.php","meta":{"neve_meta_sidebar":"","neve_meta_container":"","neve_meta_enable_content_width":"off","neve_meta_content_width":100,"neve_meta_title_alignment":"","neve_meta_author_avatar":"","neve_post_elements_order":"","neve_meta_disable_header":"","neve_meta_disable_footer":"","neve_meta_disable_title":"","_joinchat":[],"footnotes":""},"class_list":["post-10","page","type-page","status-publish","hentry"],"yoast_head":"<!-- This site is optimized with the Yoast SEO plugin v27.3 - https:\/\/yoast.com\/product\/yoast-seo-wordpress\/ -->\n<title>Aviso Legal - Traductor e Int\u00e9rprete Alem\u00e1n | Benjamin Stahl<\/title>\n<meta name=\"robots\" content=\"index, follow, max-snippet:-1, max-image-preview:large, max-video-preview:-1\" \/>\n<link rel=\"canonical\" href=\"https:\/\/benjamin-stahl.com\/en\/aviso-legal\/\" \/>\n<meta property=\"og:locale\" content=\"en_GB\" \/>\n<meta property=\"og:type\" content=\"article\" \/>\n<meta property=\"og:title\" content=\"Aviso Legal - Traductor e Int\u00e9rprete Alem\u00e1n | Benjamin Stahl\" \/>\n<meta property=\"og:description\" content=\"En cumplimiento con lo dispuesto en la Ley 34\/2002, de 11 de julio, de Servicios de la Sociedad de la Informaci\u00f3n y de Comercio Electr\u00f3nico (LSSI-CE), se informa de los siguientes aspectos legales de este sitio web: Titularidad del Sitio Web Raz\u00f3n social: Benjamin Stahl CIF: ESX4557111Y Domicilio fiscal y social: Calle de Bravo Murillo,&hellip;&nbsp;\" \/>\n<meta property=\"og:url\" content=\"https:\/\/benjamin-stahl.com\/en\/aviso-legal\/\" \/>\n<meta property=\"og:site_name\" content=\"Traductor e Int\u00e9rprete Alem\u00e1n | Benjamin Stahl\" \/>\n<meta property=\"article:modified_time\" content=\"2025-12-11T16:47:28+00:00\" \/>\n<meta name=\"twitter:card\" content=\"summary_large_image\" \/>\n<meta name=\"twitter:label1\" content=\"Estimated reading time\" \/>\n\t<meta name=\"twitter:data1\" content=\"2 minutes\" \/>\n<script type=\"application\/ld+json\" class=\"yoast-schema-graph\">{\"@context\":\"https:\\\/\\\/schema.org\",\"@graph\":[{\"@type\":\"WebPage\",\"@id\":\"https:\\\/\\\/benjamin-stahl.com\\\/aviso-legal\\\/\",\"url\":\"https:\\\/\\\/benjamin-stahl.com\\\/aviso-legal\\\/\",\"name\":\"Aviso Legal - Traductor e Int\u00e9rprete Alem\u00e1n | Benjamin Stahl\",\"isPartOf\":{\"@id\":\"https:\\\/\\\/benjamin-stahl.com\\\/#website\"},\"datePublished\":\"2024-08-29T11:27:31+00:00\",\"dateModified\":\"2025-12-11T16:47:28+00:00\",\"breadcrumb\":{\"@id\":\"https:\\\/\\\/benjamin-stahl.com\\\/aviso-legal\\\/#breadcrumb\"},\"inLanguage\":\"en-GB\",\"potentialAction\":[{\"@type\":\"ReadAction\",\"target\":[\"https:\\\/\\\/benjamin-stahl.com\\\/aviso-legal\\\/\"]}]},{\"@type\":\"BreadcrumbList\",\"@id\":\"https:\\\/\\\/benjamin-stahl.com\\\/aviso-legal\\\/#breadcrumb\",\"itemListElement\":[{\"@type\":\"ListItem\",\"position\":1,\"name\":\"Portada\",\"item\":\"https:\\\/\\\/benjamin-stahl.com\\\/\"},{\"@type\":\"ListItem\",\"position\":2,\"name\":\"Aviso Legal\"}]},{\"@type\":\"WebSite\",\"@id\":\"https:\\\/\\\/benjamin-stahl.com\\\/#website\",\"url\":\"https:\\\/\\\/benjamin-stahl.com\\\/\",\"name\":\"Traductor e Int\u00e9rprete Alem\u00e1n | Benjamin Stahl\",\"description\":\"Traducci\u00f3n e interpretaci\u00f3n profesional entre alem\u00e1n y castellano. Especialista en traducci\u00f3n jurada, marketing, medicina, derecho y servicios audiovisuales.\",\"potentialAction\":[{\"@type\":\"SearchAction\",\"target\":{\"@type\":\"EntryPoint\",\"urlTemplate\":\"https:\\\/\\\/benjamin-stahl.com\\\/?s={search_term_string}\"},\"query-input\":{\"@type\":\"PropertyValueSpecification\",\"valueRequired\":true,\"valueName\":\"search_term_string\"}}],\"inLanguage\":\"en-GB\"}]}<\/script>\n<!-- \/ Yoast SEO plugin. -->","yoast_head_json":{"title":"Aviso Legal - Traductor e Int\u00e9rprete Alem\u00e1n | Benjamin Stahl","robots":{"index":"index","follow":"follow","max-snippet":"max-snippet:-1","max-image-preview":"max-image-preview:large","max-video-preview":"max-video-preview:-1"},"canonical":"https:\/\/benjamin-stahl.com\/en\/aviso-legal\/","og_locale":"en_GB","og_type":"article","og_title":"Aviso Legal - Traductor e Int\u00e9rprete Alem\u00e1n | Benjamin Stahl","og_description":"En cumplimiento con lo dispuesto en la Ley 34\/2002, de 11 de julio, de Servicios de la Sociedad de la Informaci\u00f3n y de Comercio Electr\u00f3nico (LSSI-CE), se informa de los siguientes aspectos legales de este sitio web: Titularidad del Sitio Web Raz\u00f3n social: Benjamin Stahl CIF: ESX4557111Y Domicilio fiscal y social: Calle de Bravo Murillo,&hellip;&nbsp;","og_url":"https:\/\/benjamin-stahl.com\/en\/aviso-legal\/","og_site_name":"Traductor e Int\u00e9rprete Alem\u00e1n | Benjamin Stahl","article_modified_time":"2025-12-11T16:47:28+00:00","twitter_card":"summary_large_image","twitter_misc":{"Estimated reading time":"2 minutes"},"schema":{"@context":"https:\/\/schema.org","@graph":[{"@type":"WebPage","@id":"https:\/\/benjamin-stahl.com\/aviso-legal\/","url":"https:\/\/benjamin-stahl.com\/aviso-legal\/","name":"Aviso Legal - Traductor e Int\u00e9rprete Alem\u00e1n | Benjamin Stahl","isPartOf":{"@id":"https:\/\/benjamin-stahl.com\/#website"},"datePublished":"2024-08-29T11:27:31+00:00","dateModified":"2025-12-11T16:47:28+00:00","breadcrumb":{"@id":"https:\/\/benjamin-stahl.com\/aviso-legal\/#breadcrumb"},"inLanguage":"en-GB","potentialAction":[{"@type":"ReadAction","target":["https:\/\/benjamin-stahl.com\/aviso-legal\/"]}]},{"@type":"BreadcrumbList","@id":"https:\/\/benjamin-stahl.com\/aviso-legal\/#breadcrumb","itemListElement":[{"@type":"ListItem","position":1,"name":"Portada","item":"https:\/\/benjamin-stahl.com\/"},{"@type":"ListItem","position":2,"name":"Aviso Legal"}]},{"@type":"WebSite","@id":"https:\/\/benjamin-stahl.com\/#website","url":"https:\/\/benjamin-stahl.com\/","name":"German Translator and Interpreter | Benjamin Stahl","description":"Traducci\u00f3n e interpretaci\u00f3n profesional entre alem\u00e1n y castellano. Especialista en traducci\u00f3n jurada, marketing, medicina, derecho y servicios audiovisuales.","potentialAction":[{"@type":"SearchAction","target":{"@type":"EntryPoint","urlTemplate":"https:\/\/benjamin-stahl.com\/?s={search_term_string}"},"query-input":{"@type":"PropertyValueSpecification","valueRequired":true,"valueName":"search_term_string"}}],"inLanguage":"en-GB"}]}},"_links":{"self":[{"href":"https:\/\/benjamin-stahl.com\/en\/wp-json\/wp\/v2\/pages\/10","targetHints":{"allow":["GET"]}}],"collection":[{"href":"https:\/\/benjamin-stahl.com\/en\/wp-json\/wp\/v2\/pages"}],"about":[{"href":"https:\/\/benjamin-stahl.com\/en\/wp-json\/wp\/v2\/types\/page"}],"author":[{"embeddable":true,"href":"https:\/\/benjamin-stahl.com\/en\/wp-json\/wp\/v2\/users\/1"}],"replies":[{"embeddable":true,"href":"https:\/\/benjamin-stahl.com\/en\/wp-json\/wp\/v2\/comments?post=10"}],"version-history":[{"count":8,"href":"https:\/\/benjamin-stahl.com\/en\/wp-json\/wp\/v2\/pages\/10\/revisions"}],"predecessor-version":[{"id":279,"href":"https:\/\/benjamin-stahl.com\/en\/wp-json\/wp\/v2\/pages\/10\/revisions\/279"}],"wp:attachment":[{"href":"https:\/\/benjamin-stahl.com\/en\/wp-json\/wp\/v2\/media?parent=10"}],"curies":[{"name":"wp","href":"https:\/\/api.w.org\/{rel}","templated":true}]}}